{"id":95,"date":"2019-08-18T10:38:58","date_gmt":"2019-08-18T10:38:58","guid":{"rendered":"http:\/\/spotcam4you.com\/?page_id=95"},"modified":"2019-12-22T19:54:52","modified_gmt":"2019-12-22T19:54:52","slug":"cams-clips-esp","status":"publish","type":"page","link":"https:\/\/spotcam4you.com\/?page_id=95","title":{"rendered":"Spanien(ESP)"},"content":{"rendered":"\n<p>Clips und Livecams aus Spanien ,inkl. Balearen und Canaren<\/p>\n\n\n\n<p>Einige der beliebtesten Urlaubsziele , und es verwundert ja auch nicht, hat mann in der Regel konstante Temperaturen, eine angenehme Meeresbriese, das Wasser hat ganzj\u00e4hrig eine gleichbleibend warme Badetemperatur, und nicht zu vergessen, ein reichhaltiges Angebot an Sehensw\u00fcrdigkeiten,Freizeit Angeboten. Egal ob schnorcheln, segeln, Jetski, Paragleiten, es ist f\u00fcr jeden was dabei, und wer das alles nicht will, der zieht sich zur\u00fcck in die &#8222;W\u00fcsten&#8220; oder W\u00e4lder und genie\u00dft die Ruhe, oder das Wandern, ganz nach belieben.<\/p>\n\n\n\n<div class=\"wp-block-image\"><figure class=\"alignleft is-resized\"><img loading=\"lazy\" decoding=\"async\" src=\"https:\/\/spotcam4you.com\/wp-content\/uploads\/2019\/11\/Cruz-de-Tejeda-4-1024x678.jpg\" alt=\"\" class=\"wp-image-205\" width=\"378\" height=\"250\" srcset=\"https:\/\/spotcam4you.com\/wp-content\/uploads\/2019\/11\/Cruz-de-Tejeda-4-1024x678.jpg 1024w, https:\/\/spotcam4you.com\/wp-content\/uploads\/2019\/11\/Cruz-de-Tejeda-4-300x199.jpg 300w, https:\/\/spotcam4you.com\/wp-content\/uploads\/2019\/11\/Cruz-de-Tejeda-4-768x508.jpg 768w, https:\/\/spotcam4you.com\/wp-content\/uploads\/2019\/11\/Cruz-de-Tejeda-4.jpg 1200w\" sizes=\"auto, (max-width: 378px) 100vw, 378px\" \/><figcaption>Blick vom Cruz te Tejeda \u00fcber die Berge<\/figcaption><\/figure><\/div>\n\n\n\n<p>Oft h\u00f6rt man, Canaren, jaja , nur Baden,Essen und Trinken, aber so ist es nicht, es gibt doch einiges mehr zu sehen,nat\u00fcrlich sollte mann die einheimische K\u00fcche nicht au\u00dfer acht lassen, und damit sind nicht die Strandlokale gemeint, die auf Massentourismus ausgelegt sind, sondern die kleinen einheimischen Lokale, oft irgendwo in den Bergen Gran Canarias, etwas abseits der Hauptstra\u00dfen, dort wird das Essen noch mit viel Liebe gemacht, und das schmeckt mann nat\u00fcrlich auch, einfach mal los und schauen.<\/p>\n\n\n\n<div class=\"wp-block-image\"><figure class=\"alignleft is-resized\"><img loading=\"lazy\" decoding=\"async\" src=\"https:\/\/spotcam4you.com\/wp-content\/uploads\/2019\/11\/DSC_0002-1024x678.jpg\" alt=\"\" class=\"wp-image-211\" width=\"384\" height=\"254\" srcset=\"https:\/\/spotcam4you.com\/wp-content\/uploads\/2019\/11\/DSC_0002-1024x678.jpg 1024w, https:\/\/spotcam4you.com\/wp-content\/uploads\/2019\/11\/DSC_0002-300x199.jpg 300w, https:\/\/spotcam4you.com\/wp-content\/uploads\/2019\/11\/DSC_0002-768x509.jpg 768w\" sizes=\"auto, (max-width: 384px) 100vw, 384px\" \/><\/figure><\/div>\n\n\n\n<p>Es gibt immer etwas zu entdecken, sei es oben in den Bergen, oder auch unterhalb, Angebote von Handwerkskunst, T\u00f6pferei, Schmieden, oder aber auch Aloe Vera Farm mit angeschlossenem Laden , und nat\u00fcrlich der dazugeh\u00f6rigen Beratung, sofern man das m\u00f6chte, aber aufgepasst, oft geht mann mit Sachen wieder raus, die mann weder braucht noch wollte, aber in genau diesem einen Augenblick war es die logische Entscheidung, genau das zu kaufen \ud83d\ude09<\/p>\n\n\n\n<figure class=\"wp-block-image\"><img loading=\"lazy\" decoding=\"async\" width=\"1024\" height=\"678\" src=\"https:\/\/spotcam4you.com\/wp-content\/uploads\/2019\/11\/DSC_0596-1024x678.jpg\" alt=\"\" class=\"wp-image-216\" srcset=\"https:\/\/spotcam4you.com\/wp-content\/uploads\/2019\/11\/DSC_0596-1024x678.jpg 1024w, https:\/\/spotcam4you.com\/wp-content\/uploads\/2019\/11\/DSC_0596-300x199.jpg 300w, https:\/\/spotcam4you.com\/wp-content\/uploads\/2019\/11\/DSC_0596-768x509.jpg 768w\" sizes=\"auto, (max-width: 1024px) 100vw, 1024px\" \/><figcaption>Puerto de Mogan<\/figcaption><\/figure>\n","protected":false},"excerpt":{"rendered":"<p>Clips und Livecams aus Spanien ,inkl. Balearen und Canaren Einige der beliebtesten Urlaubsziele , und<\/p>\n","protected":false},"author":1,"featured_media":0,"parent":0,"menu_order":0,"comment_status":"closed","ping_status":"closed","template":"","meta":{"footnotes":""},"class_list":["post-95","page","type-page","status-publish","hentry"],"_links":{"self":[{"href":"https:\/\/spotcam4you.com\/index.php?rest_route=\/wp\/v2\/pages\/95","targetHints":{"allow":["GET"]}}],"collection":[{"href":"https:\/\/spotcam4you.com\/index.php?rest_route=\/wp\/v2\/pages"}],"about":[{"href":"https:\/\/spotcam4you.com\/index.php?rest_route=\/wp\/v2\/types\/page"}],"author":[{"embeddable":true,"href":"https:\/\/spotcam4you.com\/index.php?rest_route=\/wp\/v2\/users\/1"}],"replies":[{"embeddable":true,"href":"https:\/\/spotcam4you.com\/index.php?rest_route=%2Fwp%2Fv2%2Fcomments&post=95"}],"version-history":[{"count":16,"href":"https:\/\/spotcam4you.com\/index.php?rest_route=\/wp\/v2\/pages\/95\/revisions"}],"predecessor-version":[{"id":249,"href":"https:\/\/spotcam4you.com\/index.php?rest_route=\/wp\/v2\/pages\/95\/revisions\/249"}],"wp:attachment":[{"href":"https:\/\/spotcam4you.com\/index.php?rest_route=%2Fwp%2Fv2%2Fmedia&parent=95"}],"curies":[{"name":"wp","href":"https:\/\/api.w.org\/{rel}","templated":true}]}}