{"id":86,"date":"2019-08-18T10:36:49","date_gmt":"2019-08-18T10:36:49","guid":{"rendered":"http:\/\/spotcam4you.com\/?page_id=86"},"modified":"2019-12-22T19:54:11","modified_gmt":"2019-12-22T19:54:11","slug":"cams-clips-nl","status":"publish","type":"page","link":"https:\/\/spotcam4you.com\/?page_id=86","title":{"rendered":"Niederlande(NL)"},"content":{"rendered":"\n<p>Die Niederlande, gern auch als Holland bezeichnet<\/p>\n\n\n\n<p>NL \/Niederlande , h\u00e4ufig sagt mann nur, ich fahr nach Holland, ist schon komisch, der Deutsche sagt in der Regel, ja auch nicht ich fahr nach Ostfriesland, wenn er sich irgendwo in Deutschland bewegt, ja genau, Holland ist eben auch nur ein &#8222;Bundesland&#8220; oder eine &#8222;Provinz&#8220; und nicht das ganze Land, allerdings sind die Niederl\u00e4nder nicht b\u00f6se wenn mann sie als Holl\u00e4nder bezeichnet, oft tun sie es scherzhafter Weise selbst. <\/p>\n\n\n\n<p>Landessprache ist Niederl\u00e4ndisch  , mann kommt aber mit deutsch und englisch auch fast \u00fcberall weiter, das V\u00f6lkchen ist recht sprachgewandt.  <\/p>\n\n\n\n<p><\/p>\n","protected":false},"excerpt":{"rendered":"<p>Die Niederlande, gern auch als Holland bezeichnet NL \/Niederlande , h\u00e4ufig sagt mann nur, ich<\/p>\n","protected":false},"author":1,"featured_media":0,"parent":0,"menu_order":0,"comment_status":"closed","ping_status":"closed","template":"","meta":{"footnotes":""},"class_list":["post-86","page","type-page","status-publish","hentry"],"_links":{"self":[{"href":"https:\/\/spotcam4you.com\/index.php?rest_route=\/wp\/v2\/pages\/86","targetHints":{"allow":["GET"]}}],"collection":[{"href":"https:\/\/spotcam4you.com\/index.php?rest_route=\/wp\/v2\/pages"}],"about":[{"href":"https:\/\/spotcam4you.com\/index.php?rest_route=\/wp\/v2\/types\/page"}],"author":[{"embeddable":true,"href":"https:\/\/spotcam4you.com\/index.php?rest_route=\/wp\/v2\/users\/1"}],"replies":[{"embeddable":true,"href":"https:\/\/spotcam4you.com\/index.php?rest_route=%2Fwp%2Fv2%2Fcomments&post=86"}],"version-history":[{"count":5,"href":"https:\/\/spotcam4you.com\/index.php?rest_route=\/wp\/v2\/pages\/86\/revisions"}],"predecessor-version":[{"id":248,"href":"https:\/\/spotcam4you.com\/index.php?rest_route=\/wp\/v2\/pages\/86\/revisions\/248"}],"wp:attachment":[{"href":"https:\/\/spotcam4you.com\/index.php?rest_route=%2Fwp%2Fv2%2Fmedia&parent=86"}],"curies":[{"name":"wp","href":"https:\/\/api.w.org\/{rel}","templated":true}]}}