{"id":61,"date":"2019-08-18T07:59:13","date_gmt":"2019-08-18T07:59:13","guid":{"rendered":"http:\/\/spotcam4you.com\/?page_id=61"},"modified":"2020-11-01T18:49:10","modified_gmt":"2020-11-01T18:49:10","slug":"webcams","status":"publish","type":"page","link":"https:\/\/spotcam4you.com\/?page_id=61","title":{"rendered":"Webcams"},"content":{"rendered":"\n<p>hier nun eine Auswahl aus verschiedenen Webcams, nat\u00fcrlich aus allerlei L\u00e4ndern und Regionen .<\/p>\n\n\n\n<p><strong>Norwegen<\/strong> : <a href=\"https:\/\/www.skylinewebcams.com\/de\/webcam\/norge.html\">https:\/\/www.skylinewebcams.com\/de\/webcam\/norge.html<\/a><\/p>\n\n\n\n<p><strong>Schweden<\/strong>: <a href=\"https:\/\/www.youtube.com\/watch?v=NCfMPD5A6hQ\">https:\/\/www.youtube.com\/watch?v=NCfMPD5A6hQ<\/a><\/p>\n\n\n\n<p><strong>Belgien<\/strong>,Zeebrugge <a href=\"https:\/\/www.feratel.com\/webcams\/belgien\/zeebrugge.html\">https:\/\/www.feratel.com\/webcams\/belgien\/zeebrugge.html<\/a>  <\/p>\n\n\n\n<figure class=\"wp-block-embed-youtube alignleft wp-block-embed is-type-video is-provider-youtube wp-embed-aspect-16-9 wp-has-aspect-ratio\"><div class=\"wp-block-embed__wrapper\">\n<iframe loading=\"lazy\" title=\"Gent Belgien, Wochenende Kurztrip Teil 2\" width=\"640\" height=\"360\" src=\"https:\/\/www.youtube.com\/embed\/pxSJOCUC7m4?start=43&#038;feature=oembed\" frameborder=\"0\" allow=\"accelerometer; autoplay; clipboard-write; encrypted-media; gyroscope; picture-in-picture; web-share\" referrerpolicy=\"strict-origin-when-cross-origin\" allowfullscreen><\/iframe>\n<\/div><\/figure>\n\n\n\n<p>Belgien liegt sehr nah an Deutschland, und ist somit auch immer f\u00fcr einen Wochenendtrip gut, die Stadtzentren mit ihren gut erhaltenen oder restaurierten Bauten sind immer eine Reise wert. Die zahlreichen Restaurants, Kaffeestuben und Eisl\u00e4den laden zum verweilen und schlemmen ein, es gibt unz\u00e4hlige Leckereien, und damit sind nicht die original belgischen Frietjes (Fritten oder Pommes ) gemeint, sondern auch Schokolade, lecker belgischen Bier. Sprachprobleme gibt es meist keine, auch wenn mann nicht unbedingt Niederl\u00e4ndisch,franz\u00f6sisch oder englisch spricht, die meisten L\u00e4den kommen mit der deutschen Sprache sehr gut zurecht.<\/p>\n\n\n\n<p>Sehr zu empfehlen sind nat\u00fcrlich bei gutem Wetter die Bootstouren, diese sind meist auch mehrsprachig ( auch deutsch) , die Kapit\u00e4ne sind meist mehr Stadtf\u00fchrer und Reiseleiter, man kann Fragen stellen, und bekommt meist auch eine gute Antwort. <\/p>\n\n\n\n<p>Einfach mal in den Clip reinschauen, und mann bekommt einen kleinen Vorgeschmack. Bezahlen kann mann die Bootstouren bei den unz\u00e4hligen Kassen, oft auch direkt davor, es wird Bargeld ebenso wie Geld oder Kreditkarten akzeptiert.<\/p>\n\n\n\n<p>Eigene Webcam aufstellen, kein Probleem :   Webcam 1080P\u30102020 Autofokus Full HD Bussiness Webkamera mit Zwei Digitalen Mikrofonen USB Computerkamera f\u00fcr PC Laptop Desktop Mac Videoanrufe, Konferenzen \u00fcber Skype YouTube von Innosinpo ! <a href=\"https:\/\/amzn.to\/3bz9EEe\">https:\/\/amzn.to\/3bz9EEe<\/a> via @amazon  oder aber f\u00fcr Au\u00dfen : Reolink WLAN IP Kamera, \u00dcberwachungskamera 1440p HD mit Audio f\u00fcr Au\u00dfen, 2,4\/5GHz WiFi Kamera mit IR Nachtsicht, SD Kartenslot und Bewegungserkennung, RLC-410W von Reolink ! <a href=\"https:\/\/amzn.to\/3h4wULA\">https:\/\/amzn.to\/3h4wULA<\/a> via @amazon<\/p>\n\n\n\n<p><strong>Niederlande<\/strong> (Holland ) <a href=\"https:\/\/webcam.nl\/\">https:\/\/webcam.nl\/<\/a><\/p>\n\n\n\n<p>Hoek van Holland : <a href=\"https:\/\/www.youtube.com\/watch?v=hUxbpx431zk\">https:\/\/www.youtube.com\/watch?v=hUxbpx431zk<\/a><\/p>\n\n\n\n<p>Webcam Kolk Sneek:<a href=\"https:\/\/www.youtube.com\/watch?v=pEEyGy31OgI\">https:\/\/www.youtube.com\/watch?v=pEEyGy31OgI<\/a><\/p>\n\n\n\n<p>Webcam Marktstraat Sneek : <a href=\"https:\/\/www.youtube.com\/watch?v=vJH0_9Pa7iI\">https:\/\/www.youtube.com\/watch?v=vJH0_9Pa7iI<\/a><\/p>\n\n\n\n<p>Binnenhaven Lemmer : <a href=\"https:\/\/www.youtube.com\/watch?v=NyzxJMWxDeo\">https:\/\/www.youtube.com\/watch?v=NyzxJMWxDeo<\/a><\/p>\n\n\n\n<p>Lemster Toer &#8211; Lemmer : <a href=\"https:\/\/www.youtube.com\/watch?v=V-NUp9XVlhc\">https:\/\/www.youtube.com\/watch?v=V-NUp9XVlhc<\/a><\/p>\n\n\n\n<figure class=\"wp-block-embed\"><div class=\"wp-block-embed__wrapper\">\nhttps:\/\/www.youtube.com\/watch?v=vJH0_9Pa7iI\n<\/div><\/figure>\n\n\n\n<p><strong>Ijmuiden (NL) <\/strong>Hafen (Tip f\u00fcr Angler ) <a href=\"https:\/\/www.webcam-havenijmuiden.nl\/pages\/cameras\/havenmond.php\">https:\/\/www.webcam-havenijmuiden.nl\/pages\/cameras\/havenmond.php<\/a><\/p>\n\n\n\n<p><strong>USA<\/strong><\/p>\n\n\n\n<p>EarthCam Live: Times Square in 4K  <a href=\"https:\/\/www.youtube.com\/watch?v=eJ7ZkQ5TC08\" data-type=\"URL\" data-id=\"https:\/\/www.youtube.com\/watch?v=eJ7ZkQ5TC08\">https:\/\/www.youtube.com\/watch?v=eJ7ZkQ5TC08<\/a><\/p>\n\n\n\n<p>LIVE Port of Miami Cam  <a href=\"https:\/\/www.youtube.com\/watch?v=xuoy96nMcUk\">https:\/\/www.youtube.com\/watch?v=xuoy96nMcUk<\/a><\/p>\n\n\n\n<p>LIVE Key West Florida &#8211; Front Street <a href=\"https:\/\/www.youtube.com\/watch?v=eDeCOWw5XVU\">https:\/\/www.youtube.com\/watch?v=eDeCOWw5XVU<\/a><\/p>\n\n\n\n<p>Live Venice Beach, California, USA  <a href=\"https:\/\/www.youtube.com\/watch?v=vYSFIJVzJO4\">https:\/\/www.youtube.com\/watch?v=vYSFIJVzJO4<\/a><\/p>\n\n\n\n<p>Live View of Junction &amp; Main St from Sturgis Motorcycle Museum  <a href=\"https:\/\/www.youtube.com\/watch?v=WuhUkOvFMyA\">https:\/\/www.youtube.com\/watch?v=WuhUkOvFMyA<\/a><\/p>\n","protected":false},"excerpt":{"rendered":"<p>hier nun eine Auswahl aus verschiedenen Webcams, nat\u00fcrlich aus allerlei L\u00e4ndern und Regionen . Norwegen<\/p>\n","protected":false},"author":1,"featured_media":0,"parent":0,"menu_order":0,"comment_status":"closed","ping_status":"closed","template":"","meta":{"footnotes":""},"class_list":["post-61","page","type-page","status-publish","hentry"],"_links":{"self":[{"href":"https:\/\/spotcam4you.com\/index.php?rest_route=\/wp\/v2\/pages\/61","targetHints":{"allow":["GET"]}}],"collection":[{"href":"https:\/\/spotcam4you.com\/index.php?rest_route=\/wp\/v2\/pages"}],"about":[{"href":"https:\/\/spotcam4you.com\/index.php?rest_route=\/wp\/v2\/types\/page"}],"author":[{"embeddable":true,"href":"https:\/\/spotcam4you.com\/index.php?rest_route=\/wp\/v2\/users\/1"}],"replies":[{"embeddable":true,"href":"https:\/\/spotcam4you.com\/index.php?rest_route=%2Fwp%2Fv2%2Fcomments&post=61"}],"version-history":[{"count":24,"href":"https:\/\/spotcam4you.com\/index.php?rest_route=\/wp\/v2\/pages\/61\/revisions"}],"predecessor-version":[{"id":264,"href":"https:\/\/spotcam4you.com\/index.php?rest_route=\/wp\/v2\/pages\/61\/revisions\/264"}],"wp:attachment":[{"href":"https:\/\/spotcam4you.com\/index.php?rest_route=%2Fwp%2Fv2%2Fmedia&parent=61"}],"curies":[{"name":"wp","href":"https:\/\/api.w.org\/{rel}","templated":true}]}}