{"id":219,"date":"2019-11-08T20:21:23","date_gmt":"2019-11-08T20:21:23","guid":{"rendered":"http:\/\/spotcam4you.com\/?page_id=219"},"modified":"2019-11-09T06:51:15","modified_gmt":"2019-11-09T06:51:15","slug":"gran-canaria","status":"publish","type":"page","link":"https:\/\/spotcam4you.com\/?page_id=219","title":{"rendered":"Gran Canaria"},"content":{"rendered":"\n<h2 class=\"wp-block-heading\">Gran Canaria ,Einsichten,Ansichten und Draufsichten<\/h2>\n\n\n\n<p>Webcam, Wetterinfo :<a href=\"https:\/\/www.webcam-4insiders.com\/de\/Webcam-Maspalomas-Webcam\/2395-Webcam-Maspalomas.php\">https:\/\/www.webcam-4insiders.com\/de\/Webcam-Maspalomas-Webcam\/2395-Webcam-Maspalomas.php<\/a><\/p>\n\n\n\n<p>Webcams, Streaming Gran Canaria : <a href=\"http:\/\/www.spain-grancanaria.com\/en\/images-videos\/webcams.html\">http:\/\/www.spain-grancanaria.com\/en\/images-videos\/webcams.html<\/a><\/p>\n\n\n\n<p>Gran Canaria Live Webcams : <a href=\"https:\/\/www.kanarenzeit.de\/gran-canaria\/live-webcams\/\">https:\/\/www.kanarenzeit.de\/gran-canaria\/live-webcams\/<\/a><\/p>\n\n\n\n<figure class=\"wp-block-image is-resized\"><img loading=\"lazy\" decoding=\"async\" src=\"https:\/\/spotcam4you.com\/wp-content\/uploads\/2019\/11\/DSC_0034-1024x678.jpg\" alt=\"\" class=\"wp-image-224\" width=\"411\" height=\"272\" srcset=\"https:\/\/spotcam4you.com\/wp-content\/uploads\/2019\/11\/DSC_0034-1024x678.jpg 1024w, https:\/\/spotcam4you.com\/wp-content\/uploads\/2019\/11\/DSC_0034-300x199.jpg 300w, https:\/\/spotcam4you.com\/wp-content\/uploads\/2019\/11\/DSC_0034-768x509.jpg 768w\" sizes=\"auto, (max-width: 411px) 100vw, 411px\" \/><figcaption>Bergdorf Gran Canaria<br><\/figcaption><\/figure>\n\n\n\n<p><\/p>\n\n\n\n<p>\u00dcber die links kommt man zu einigen Webcams oder auch Livecams, au\u00dfer den Bildern gibt es aktuelle Wetterdaten, und Einsichten zu den \u00f6rtlichen Gegebenheiten.<\/p>\n\n\n\n<p><\/p>\n","protected":false},"excerpt":{"rendered":"<p>Gran Canaria ,Einsichten,Ansichten und Draufsichten Webcam, Wetterinfo :https:\/\/www.webcam-4insiders.com\/de\/Webcam-Maspalomas-Webcam\/2395-Webcam-Maspalomas.php Webcams, Streaming Gran Canaria : http:\/\/www.spain-grancanaria.com\/en\/images-videos\/webcams.html Gran<\/p>\n","protected":false},"author":1,"featured_media":0,"parent":95,"menu_order":0,"comment_status":"closed","ping_status":"closed","template":"","meta":{"footnotes":""},"class_list":["post-219","page","type-page","status-publish","hentry"],"_links":{"self":[{"href":"https:\/\/spotcam4you.com\/index.php?rest_route=\/wp\/v2\/pages\/219","targetHints":{"allow":["GET"]}}],"collection":[{"href":"https:\/\/spotcam4you.com\/index.php?rest_route=\/wp\/v2\/pages"}],"about":[{"href":"https:\/\/spotcam4you.com\/index.php?rest_route=\/wp\/v2\/types\/page"}],"author":[{"embeddable":true,"href":"https:\/\/spotcam4you.com\/index.php?rest_route=\/wp\/v2\/users\/1"}],"replies":[{"embeddable":true,"href":"https:\/\/spotcam4you.com\/index.php?rest_route=%2Fwp%2Fv2%2Fcomments&post=219"}],"version-history":[{"count":7,"href":"https:\/\/spotcam4you.com\/index.php?rest_route=\/wp\/v2\/pages\/219\/revisions"}],"predecessor-version":[{"id":229,"href":"https:\/\/spotcam4you.com\/index.php?rest_route=\/wp\/v2\/pages\/219\/revisions\/229"}],"up":[{"embeddable":true,"href":"https:\/\/spotcam4you.com\/index.php?rest_route=\/wp\/v2\/pages\/95"}],"wp:attachment":[{"href":"https:\/\/spotcam4you.com\/index.php?rest_route=%2Fwp%2Fv2%2Fmedia&parent=219"}],"curies":[{"name":"wp","href":"https:\/\/api.w.org\/{rel}","templated":true}]}}