{"id":147,"date":"2019-10-20T07:20:00","date_gmt":"2019-10-20T07:20:00","guid":{"rendered":"http:\/\/spotcam4you.com\/?page_id=147"},"modified":"2019-10-20T07:46:22","modified_gmt":"2019-10-20T07:46:22","slug":"test-3","status":"publish","type":"page","link":"https:\/\/spotcam4you.com\/?page_id=147","title":{"rendered":"Gent"},"content":{"rendered":"\n<p>Gent, ob Tagesausflug oder Wochenendtrip ,es gibt viel zu sehen, am besten, und ohne viel laufen zu m\u00fcssen, l\u00e4sst sich das nat\u00fcrlich mit einer Bootstour machen. Sch\u00f6n an diesen Bootstouren, die Stadtf\u00fchrer erkl\u00e4ren die \u00f6rtlichen Gepflogenheiten recht gut, und das auch in mehreren Sprachen, meist sogar in Deutsch,viele Dinge die mann so nicht mitbekommen w\u00fcrde, werden einem oft sehr lustig \u00fcbermittelt,ob das immer so 100%tig wahr ist, sei mal dahingestellt.<\/p>\n\n\n\n<figure class=\"wp-block-embed-youtube wp-block-embed is-type-video is-provider-youtube wp-embed-aspect-16-9 wp-has-aspect-ratio\"><div class=\"wp-block-embed__wrapper\">\n<iframe loading=\"lazy\" title=\"Gent Belgien, Wochenende Kurztrip Teil 2\" width=\"640\" height=\"360\" src=\"https:\/\/www.youtube.com\/embed\/pxSJOCUC7m4?start=43&#038;feature=oembed\" frameborder=\"0\" allow=\"accelerometer; autoplay; clipboard-write; encrypted-media; gyroscope; picture-in-picture; web-share\" referrerpolicy=\"strict-origin-when-cross-origin\" allowfullscreen><\/iframe>\n<\/div><\/figure>\n\n\n\n<p>Auch bei Regen ein Erlebnis,nat\u00fcrlich aber bei sch\u00f6nem Wetter viel besser. Die Karten kann man in der Regel direkt vor dem Zustieg an den Kassen kaufen,mann mu\u00df hier also nicht in den Vorverkauf oder \u00e4hnliches, allerdings kann es sein das mann zur Urlaubszeit erst mit dem zweiten Boot mitkommt, da der Andrang etwas h\u00f6her sein kann.<\/p>\n\n\n\n<figure class=\"wp-block-embed-youtube wp-block-embed is-type-video is-provider-youtube wp-embed-aspect-16-9 wp-has-aspect-ratio\"><div class=\"wp-block-embed__wrapper\">\n<iframe loading=\"lazy\" title=\"Gent, Belgien, Wochenende Kurztrip,St\u00e4dtetrip,  Teil 1\" width=\"640\" height=\"360\" src=\"https:\/\/www.youtube.com\/embed\/x3-u3wha4ig?feature=oembed\" frameborder=\"0\" allow=\"accelerometer; autoplay; clipboard-write; encrypted-media; gyroscope; picture-in-picture; web-share\" referrerpolicy=\"strict-origin-when-cross-origin\" allowfullscreen><\/iframe>\n<\/div><\/figure>\n\n\n\n<p>Gent ist nicht so  klein wie es gern behauptet wird, man sollte also ausreichend Zeit einplanen f\u00fcr einen Besuch, nat\u00fcrlich sollte mann sich auch Zeit nehmen f\u00fcr eines der vielen Kaffee`s , um sich bei einem Eis oder einer Waffel von den Eindr\u00fccken der Stadtwanderung zu erholen.<\/p>\n","protected":false},"excerpt":{"rendered":"<p>Gent, ob Tagesausflug oder Wochenendtrip ,es gibt viel zu sehen, am besten, und ohne viel<\/p>\n","protected":false},"author":1,"featured_media":0,"parent":92,"menu_order":0,"comment_status":"closed","ping_status":"closed","template":"","meta":{"footnotes":""},"class_list":["post-147","page","type-page","status-publish","hentry"],"_links":{"self":[{"href":"https:\/\/spotcam4you.com\/index.php?rest_route=\/wp\/v2\/pages\/147","targetHints":{"allow":["GET"]}}],"collection":[{"href":"https:\/\/spotcam4you.com\/index.php?rest_route=\/wp\/v2\/pages"}],"about":[{"href":"https:\/\/spotcam4you.com\/index.php?rest_route=\/wp\/v2\/types\/page"}],"author":[{"embeddable":true,"href":"https:\/\/spotcam4you.com\/index.php?rest_route=\/wp\/v2\/users\/1"}],"replies":[{"embeddable":true,"href":"https:\/\/spotcam4you.com\/index.php?rest_route=%2Fwp%2Fv2%2Fcomments&post=147"}],"version-history":[{"count":9,"href":"https:\/\/spotcam4you.com\/index.php?rest_route=\/wp\/v2\/pages\/147\/revisions"}],"predecessor-version":[{"id":157,"href":"https:\/\/spotcam4you.com\/index.php?rest_route=\/wp\/v2\/pages\/147\/revisions\/157"}],"up":[{"embeddable":true,"href":"https:\/\/spotcam4you.com\/index.php?rest_route=\/wp\/v2\/pages\/92"}],"wp:attachment":[{"href":"https:\/\/spotcam4you.com\/index.php?rest_route=%2Fwp%2Fv2%2Fmedia&parent=147"}],"curies":[{"name":"wp","href":"https:\/\/api.w.org\/{rel}","templated":true}]}}